{"id":1298,"date":"2017-08-30T20:35:52","date_gmt":"2017-08-30T18:35:52","guid":{"rendered":"https:\/\/www.digitalpylon.com\/sk\/?page_id=1298"},"modified":"2020-05-22T20:59:11","modified_gmt":"2020-05-22T18:59:11","slug":"analyzer","status":"publish","type":"page","link":"https:\/\/www.digitalpylon.com\/sk\/analyzer","title":{"rendered":"Analyz\u00e1tor SEO Rankov"},"content":{"rendered":"<h1 style=\"text-align: center;\"><strong>Analyz\u00e1tor SEO Rankov<\/strong><\/h1>\n<p style=\"text-align: center;\"><strong>Domain Authority (DA) \u2022 Page Authority (PA) \u2022 MozRank \u2022 Link Equity\u00a0 \u2022 IP Adresa<\/strong><\/p>\n<div class=\"wac_mainBox\">\n\t<span id=\"pluginDir\" style=\"display:none;\">https:\/\/www.digitalpylon.com\/sk\/wp-content\/plugins\/website-authority-checker\/<\/span>\n\t<div class=\"wac_title\">\n    \tVlo\u017ete URL Adresu:\n    <\/div>\n\t\n    <input type=\"hidden\" id=\"wac_nonce_security\" name=\"nonce_security\" value=\"de87573df2\"  \/>\n\t<div class=\"form-sec\">\n    \t<input type=\"url\" name=\"url\" placeholder=\"napr\u00edklad https:\/\/www.google.com (potrebn\u00e9 aj s http)\" id=\"wac-input-url\" class=\"wac-input\" \/>\n    <\/div>\n\t <br>\n     <div class=\"form-sec\" style=\"text-align:center;\">\n     \t<span class=\"wac-sub-btn active\" id=\"wac-check-btn\">Odosla\u0165<\/span>\n     <\/div>\n     <div class=\"form-sec\" id=\"wac-result-title\" style=\"text-align:center;font-size:24px; display:none;\">\n     \t --- Results ---\n     <\/div>\n     <div class=\"wac-results-sec\" style=\"display:none;\">\n     \t<table width=\"100%\" style=\"margin-bottom:0px;\">\n        \t\n        \t<tr>\n            \t<td width=\"30%\" class=\"title\">\n                \tURL Adresa\n                <\/td>\n                <td width=\"70%\" id=\"wac-url\">\n                \t\n                <\/td>\n            <\/tr>\n            <tr>\n            \t<td class=\"title\">Domain Authority (DA)<\/td>\n                <td id=\"wac-da\" class=\"wac-value\">50<\/td>\n            <\/tr>\n            <tr>\n            \t<td class=\"title\">Page Authority (PA)<\/td>\n                <td id=\"wac-pa\" class=\"wac-value\">50<\/td>\n            <\/tr>\n            <tr>\n            \t<td class=\"title\">MozRank<\/td>\n                <td id=\"wac-mr\" class=\"wac-value\">50<\/td>\n            <\/tr>\n            <tr>\n            \t<td class=\"title\">Links Equity<\/td>\n                <td id=\"wac-le\" class=\"wac-value\">500<\/td>\n            <\/tr>\n\t\t\t<tr>\n            \t<td class=\"title\">IP Adresa<\/td>\n                <td id=\"wac-ip\" class=\"wac-value\">500<\/td>\n            <\/tr>\n        <\/table>\n     <\/div>\n<\/div>\n<h2 style=\"text-align: center;\"><img decoding=\"async\" class=\"aligncenter size-full wp-image-9250\" src=\"https:\/\/www.digitalpylon.com\/sk\/wp-content\/uploads\/2020\/05\/ba.png\" alt=\"\" width=\"941\" height=\"15\" srcset=\"https:\/\/www.digitalpylon.com\/sk\/wp-content\/uploads\/2020\/05\/ba.png 941w, https:\/\/www.digitalpylon.com\/sk\/wp-content\/uploads\/2020\/05\/ba-300x5.png 300w, https:\/\/www.digitalpylon.com\/sk\/wp-content\/uploads\/2020\/05\/ba-768x12.png 768w, https:\/\/www.digitalpylon.com\/sk\/wp-content\/uploads\/2020\/05\/ba-60x1.png 60w, https:\/\/www.digitalpylon.com\/sk\/wp-content\/uploads\/2020\/05\/ba-5h5xh.png 595w\" sizes=\"(max-width: 941px) 100vw, 941px\" \/><\/h2>\n<h2 style=\"text-align: center;\"><strong>Vysvetlivky pre jednotliv\u00e9 SEO ranky<\/strong><\/h2>\n<p><strong>Domain Authority (DA)<\/strong> je \u010d\u00edseln\u00e1 hodnota, ktor\u00e1 ud\u00e1va silu internetov\u00fdch str\u00e1nok vyvinut\u00e1 spolo\u010dnos\u0165ou Moz. T\u00e1to hodnota predpoved\u00e1, ako dobre bude dom\u00e9na zaraden\u00e1 vo v\u00fdsledkoch vyh\u013ead\u00e1va\u010dov (Google, Bing,..). Sk\u00f3re Dom\u00e9novej autority sa pohybuje od 1 do 100, pri\u010dom vy\u0161\u0161ie sk\u00f3re zodpoved\u00e1 lep\u0161ej schopnosti sa zobrazi\u0165 na vy\u0161\u0161\u00edch poz\u00edciach.<\/p>\n<p><strong>Page Authority (PA)<\/strong> je \u010d\u00edseln\u00e1 hodnota, ktor\u00e1 ud\u00e1va silu jednotliv\u00fdch str\u00e1nok a podstr\u00e1nok vyvinut\u00e1 spolo\u010dnos\u0165ou Moz. Hodnota predpoved\u00e1, ako bude ur\u010dit\u00e1 str\u00e1nka dom\u00e9ny zaraden\u00e1 vo v\u00fdsledkoch vyh\u013ead\u00e1va\u010dov (Google, Bing,..). Autorita str\u00e1nok sa pohybuje v rozmedz\u00ed od 1 do 100, pri\u010dom vy\u0161\u0161ie sk\u00f3re zodpoved\u00e1 lep\u0161ej schopnosti sa zobrazi\u0165 na vy\u0161\u0161\u00edch poz\u00edciach.<\/p>\n<p><strong>MozRank<\/strong> kvantifikuje popularitu odkazov a je alternat\u00edvou zn\u00e1meho algoritmu <a href=\"https:\/\/www.digitalpylon.com\/sk\/google-pagerank-uz-nie-je-verejny\" target=\"_blank\" rel=\"noopener noreferrer\">Google PageRank<\/a>. Jednotliv\u00e9 internetov\u00e9 str\u00e1nky z\u00edskavaj\u00fa MozRank na z\u00e1klade ostatn\u00fdch str\u00e1nok, ktor\u00e9 na ne odkazuj\u00fa. MozRank sa pohybuje v rozmedz\u00ed od 1 do 10, pri\u010dom vy\u0161\u0161ie sk\u00f3re zodpoved\u00e1 silnej\u0161ej popularite odkazov.<\/p>\n<p><strong>Links Equity<\/strong> je faktorom vyh\u013ead\u00e1vacieho n\u00e1stroja na z\u00e1klade my\u0161lienky, \u017ee ur\u010dit\u00e9 odkazy pren\u00e1\u0161aj\u00fa hodnotu a autoritu z jednej str\u00e1nky na druh\u00fa. T\u00e1to hodnota z\u00e1vis\u00ed od mnoh\u00fdch faktorov, napr\u00edklad od autority odkazuj\u00facej str\u00e1nky, aktu\u00e1lnej relevantnosti, stavu HTTP a \u010fal\u0161\u00edch. (zdroj: <a href=\"https:\/\/moz.com\/learn\/seo\/what-is-link-equity\" target=\"_blank\" rel=\"noopener noreferrer\">MOZ<\/a>)<\/p>\n<p><strong>IP Adresa<\/strong> je \u010d\u00edseln\u00fd s\u00fabor priraden\u00fd ka\u017ed\u00e9mu zariadeniu pripojen\u00e9mu k po\u010d\u00edta\u010dovej sieti (internetu), ktor\u00e1 pou\u017e\u00edva na komunik\u00e1ciu internetov\u00fd protokol. IP adresa m\u00e1 dve hlavn\u00e9 funkcie: identifik\u00e1ciu hostite\u013ea a adresovanie polohy.<\/p>\n<p style=\"text-align: center;\"><em>Pokia\u013e potrebujete z\u00edska\u0165 nov\u00e9 kvalitn\u00e9 odkazy a na\u0161tartova\u0165 va\u0161e poz\u00edcie a ranky, <a href=\"https:\/\/www.digitalpylon.com\/sk\/kontakt\/\">nev\u00e1hajte n\u00e1m nap\u00edsa\u0165<\/a>.\u00a0<\/em><\/p>\n","protected":false},"excerpt":{"rendered":"<p>Analyz\u00e1tor SEO Rankov Domain Authority (DA) \u2022 Page Authority (PA) \u2022 MozRank \u2022 Link Equity\u00a0 \u2022 IP Adresa Vysvetlivky pre jednotliv\u00e9 SEO ranky Domain Authority (DA) je \u010d\u00edseln\u00e1 hodnota, ktor\u00e1 ud\u00e1va silu internetov\u00fdch str\u00e1nok vyvinut\u00e1 spolo\u010dnos\u0165ou Moz. T\u00e1to hodnota predpoved\u00e1, ako dobre bude dom\u00e9na zaraden\u00e1 vo v\u00fdsledkoch vyh\u013ead\u00e1va\u010dov (Google, Bing,..). Sk\u00f3re Dom\u00e9novej autority sa pohybuje [&hellip;]<\/p>\n","protected":false},"author":1,"featured_media":0,"parent":0,"menu_order":0,"comment_status":"closed","ping_status":"closed","template":"","meta":{"footnotes":""},"class_list":["post-1298","page","type-page","status-publish","hentry"],"yoast_head":"<!-- This site is optimized with the Yoast SEO plugin v27.3 - https:\/\/yoast.com\/product\/yoast-seo-wordpress\/ -->\n<title>Online Analyz\u00e1tor SEO Rankov - Digital Pylon Slovensko<\/title>\n<meta name=\"description\" content=\"Metriky, ranky SEO anal\u00fdza online zdarma. Domain Authority, Page Authority, Moz Rank a po\u010det odkazov. V\u0161etky \u00fadaje na jednom mieste.\" \/>\n<meta name=\"robots\" content=\"index, follow, max-snippet:-1, max-image-preview:large, max-video-preview:-1\" \/>\n<link rel=\"canonical\" href=\"https:\/\/www.digitalpylon.com\/sk\/analyzer\" \/>\n<meta property=\"og:locale\" content=\"sk_SK\" \/>\n<meta property=\"og:type\" content=\"article\" \/>\n<meta property=\"og:title\" content=\"Online Analyz\u00e1tor SEO Rankov - Digital Pylon Slovensko\" \/>\n<meta property=\"og:description\" content=\"Metriky, ranky SEO anal\u00fdza online zdarma. Domain Authority, Page Authority, Moz Rank a po\u010det odkazov. V\u0161etky \u00fadaje na jednom mieste.\" \/>\n<meta property=\"og:url\" content=\"https:\/\/www.digitalpylon.com\/sk\/analyzer\" \/>\n<meta property=\"og:site_name\" content=\"Digital Pylon\" \/>\n<meta property=\"article:modified_time\" content=\"2020-05-22T18:59:11+00:00\" \/>\n<meta property=\"og:image\" content=\"https:\/\/www.digitalpylon.com\/sk\/wp-content\/uploads\/2020\/05\/ba.png\" \/>\n<meta name=\"twitter:label1\" content=\"Predpokladan\u00fd \u010das \u010d\u00edtania\" \/>\n\t<meta name=\"twitter:data1\" content=\"2 min\u00faty\" \/>\n<script type=\"application\/ld+json\" class=\"yoast-schema-graph\">{\"@context\":\"https:\\\/\\\/schema.org\",\"@graph\":[{\"@type\":\"WebPage\",\"@id\":\"https:\\\/\\\/www.digitalpylon.com\\\/sk\\\/analyzer\",\"url\":\"https:\\\/\\\/www.digitalpylon.com\\\/sk\\\/analyzer\",\"name\":\"Online Analyz\u00e1tor SEO Rankov - Digital Pylon Slovensko\",\"isPartOf\":{\"@id\":\"https:\\\/\\\/www.digitalpylon.com\\\/sk\\\/#website\"},\"primaryImageOfPage\":{\"@id\":\"https:\\\/\\\/www.digitalpylon.com\\\/sk\\\/analyzer#primaryimage\"},\"image\":{\"@id\":\"https:\\\/\\\/www.digitalpylon.com\\\/sk\\\/analyzer#primaryimage\"},\"thumbnailUrl\":\"https:\\\/\\\/www.digitalpylon.com\\\/sk\\\/wp-content\\\/uploads\\\/2020\\\/05\\\/ba.png\",\"datePublished\":\"2017-08-30T18:35:52+00:00\",\"dateModified\":\"2020-05-22T18:59:11+00:00\",\"description\":\"Metriky, ranky SEO anal\u00fdza online zdarma. Domain Authority, Page Authority, Moz Rank a po\u010det odkazov. V\u0161etky \u00fadaje na jednom mieste.\",\"breadcrumb\":{\"@id\":\"https:\\\/\\\/www.digitalpylon.com\\\/sk\\\/analyzer#breadcrumb\"},\"inLanguage\":\"sk-SK\",\"potentialAction\":[{\"@type\":\"ReadAction\",\"target\":[\"https:\\\/\\\/www.digitalpylon.com\\\/sk\\\/analyzer\"]}]},{\"@type\":\"ImageObject\",\"inLanguage\":\"sk-SK\",\"@id\":\"https:\\\/\\\/www.digitalpylon.com\\\/sk\\\/analyzer#primaryimage\",\"url\":\"https:\\\/\\\/www.digitalpylon.com\\\/sk\\\/wp-content\\\/uploads\\\/2020\\\/05\\\/ba.png\",\"contentUrl\":\"https:\\\/\\\/www.digitalpylon.com\\\/sk\\\/wp-content\\\/uploads\\\/2020\\\/05\\\/ba.png\",\"width\":941,\"height\":15},{\"@type\":\"BreadcrumbList\",\"@id\":\"https:\\\/\\\/www.digitalpylon.com\\\/sk\\\/analyzer#breadcrumb\",\"itemListElement\":[{\"@type\":\"ListItem\",\"position\":1,\"name\":\"Home\",\"item\":\"https:\\\/\\\/www.digitalpylon.com\\\/sk\\\/\"},{\"@type\":\"ListItem\",\"position\":2,\"name\":\"Analyz\u00e1tor SEO Rankov\"}]},{\"@type\":\"WebSite\",\"@id\":\"https:\\\/\\\/www.digitalpylon.com\\\/sk\\\/#website\",\"url\":\"https:\\\/\\\/www.digitalpylon.com\\\/sk\\\/\",\"name\":\"Digital Pylon\",\"description\":\"\",\"potentialAction\":[{\"@type\":\"SearchAction\",\"target\":{\"@type\":\"EntryPoint\",\"urlTemplate\":\"https:\\\/\\\/www.digitalpylon.com\\\/sk\\\/?s={search_term_string}\"},\"query-input\":{\"@type\":\"PropertyValueSpecification\",\"valueRequired\":true,\"valueName\":\"search_term_string\"}}],\"inLanguage\":\"sk-SK\"}]}<\/script>\n<!-- \/ Yoast SEO plugin. -->","yoast_head_json":{"title":"Online Analyz\u00e1tor SEO Rankov - Digital Pylon Slovensko","description":"Metriky, ranky SEO anal\u00fdza online zdarma. Domain Authority, Page Authority, Moz Rank a po\u010det odkazov. V\u0161etky \u00fadaje na jednom mieste.","robots":{"index":"index","follow":"follow","max-snippet":"max-snippet:-1","max-image-preview":"max-image-preview:large","max-video-preview":"max-video-preview:-1"},"canonical":"https:\/\/www.digitalpylon.com\/sk\/analyzer","og_locale":"sk_SK","og_type":"article","og_title":"Online Analyz\u00e1tor SEO Rankov - Digital Pylon Slovensko","og_description":"Metriky, ranky SEO anal\u00fdza online zdarma. Domain Authority, Page Authority, Moz Rank a po\u010det odkazov. V\u0161etky \u00fadaje na jednom mieste.","og_url":"https:\/\/www.digitalpylon.com\/sk\/analyzer","og_site_name":"Digital Pylon","article_modified_time":"2020-05-22T18:59:11+00:00","og_image":[{"url":"https:\/\/www.digitalpylon.com\/sk\/wp-content\/uploads\/2020\/05\/ba.png","type":"","width":"","height":""}],"twitter_misc":{"Predpokladan\u00fd \u010das \u010d\u00edtania":"2 min\u00faty"},"schema":{"@context":"https:\/\/schema.org","@graph":[{"@type":"WebPage","@id":"https:\/\/www.digitalpylon.com\/sk\/analyzer","url":"https:\/\/www.digitalpylon.com\/sk\/analyzer","name":"Online Analyz\u00e1tor SEO Rankov - Digital Pylon Slovensko","isPartOf":{"@id":"https:\/\/www.digitalpylon.com\/sk\/#website"},"primaryImageOfPage":{"@id":"https:\/\/www.digitalpylon.com\/sk\/analyzer#primaryimage"},"image":{"@id":"https:\/\/www.digitalpylon.com\/sk\/analyzer#primaryimage"},"thumbnailUrl":"https:\/\/www.digitalpylon.com\/sk\/wp-content\/uploads\/2020\/05\/ba.png","datePublished":"2017-08-30T18:35:52+00:00","dateModified":"2020-05-22T18:59:11+00:00","description":"Metriky, ranky SEO anal\u00fdza online zdarma. Domain Authority, Page Authority, Moz Rank a po\u010det odkazov. V\u0161etky \u00fadaje na jednom mieste.","breadcrumb":{"@id":"https:\/\/www.digitalpylon.com\/sk\/analyzer#breadcrumb"},"inLanguage":"sk-SK","potentialAction":[{"@type":"ReadAction","target":["https:\/\/www.digitalpylon.com\/sk\/analyzer"]}]},{"@type":"ImageObject","inLanguage":"sk-SK","@id":"https:\/\/www.digitalpylon.com\/sk\/analyzer#primaryimage","url":"https:\/\/www.digitalpylon.com\/sk\/wp-content\/uploads\/2020\/05\/ba.png","contentUrl":"https:\/\/www.digitalpylon.com\/sk\/wp-content\/uploads\/2020\/05\/ba.png","width":941,"height":15},{"@type":"BreadcrumbList","@id":"https:\/\/www.digitalpylon.com\/sk\/analyzer#breadcrumb","itemListElement":[{"@type":"ListItem","position":1,"name":"Home","item":"https:\/\/www.digitalpylon.com\/sk\/"},{"@type":"ListItem","position":2,"name":"Analyz\u00e1tor SEO Rankov"}]},{"@type":"WebSite","@id":"https:\/\/www.digitalpylon.com\/sk\/#website","url":"https:\/\/www.digitalpylon.com\/sk\/","name":"Digital Pylon","description":"","potentialAction":[{"@type":"SearchAction","target":{"@type":"EntryPoint","urlTemplate":"https:\/\/www.digitalpylon.com\/sk\/?s={search_term_string}"},"query-input":{"@type":"PropertyValueSpecification","valueRequired":true,"valueName":"search_term_string"}}],"inLanguage":"sk-SK"}]}},"_links":{"self":[{"href":"https:\/\/www.digitalpylon.com\/sk\/wp-json\/wp\/v2\/pages\/1298","targetHints":{"allow":["GET"]}}],"collection":[{"href":"https:\/\/www.digitalpylon.com\/sk\/wp-json\/wp\/v2\/pages"}],"about":[{"href":"https:\/\/www.digitalpylon.com\/sk\/wp-json\/wp\/v2\/types\/page"}],"author":[{"embeddable":true,"href":"https:\/\/www.digitalpylon.com\/sk\/wp-json\/wp\/v2\/users\/1"}],"replies":[{"embeddable":true,"href":"https:\/\/www.digitalpylon.com\/sk\/wp-json\/wp\/v2\/comments?post=1298"}],"version-history":[{"count":0,"href":"https:\/\/www.digitalpylon.com\/sk\/wp-json\/wp\/v2\/pages\/1298\/revisions"}],"wp:attachment":[{"href":"https:\/\/www.digitalpylon.com\/sk\/wp-json\/wp\/v2\/media?parent=1298"}],"curies":[{"name":"wp","href":"https:\/\/api.w.org\/{rel}","templated":true}]}}